{"id":634,"date":"2019-03-12T15:34:21","date_gmt":"2019-03-12T14:34:21","guid":{"rendered":"http:\/\/projects.sz-ybbs.ac.at\/~swop\/?page_id=634"},"modified":"2019-05-07T14:23:26","modified_gmt":"2019-05-07T12:23:26","slug":"ubungsfirmenmesse-weinzierl","status":"publish","type":"page","link":"https:\/\/swop.uefa.sz-ybbs.ac.at\/index.php\/ubungsfirmenmesse-weinzierl\/","title":{"rendered":"\u00dcbungsfirmenmesse Weinzierl"},"content":{"rendered":"<h1 style=\"text-align: center;\"><span style=\"color: #38a932;\">Knallhartes Verhandeln auf der \u00dcbungsfirmenmesse in Weinzierl<\/span><\/h1>\n<p style=\"text-align: center;\">Die \u00dcbungsfirmen des Francisco Josephinums luden unsere \u00dcbungsfirma SWOP GmbH zu ihrer \u00dcbungsfirmenmesse am 14. M\u00e4rz ein.<\/p>\n<p style=\"text-align: center;\">Vor Ort trafen wir auf viele \u00dcbungsfirmen mit verschiedensten Unternehmensgegenst\u00e4nden aus ganz \u00d6sterreich. Unser Team aus der Abteilung Verkauf\/Marketing k\u00fcmmerte sich um die sehr kauffreudigen Besucher der Messe. Sowohl \u00dcbungsfirmenmitarbeiter als auch Messebesucher kauften bei den zehn verschiedenen \u00dcbungsfirmen ein. Es gab eine gro\u00dfe Vielfalt an Angeboten und Produktschienen, die fast keinen Wunsch unerf\u00fcllt lie\u00dfen. Auch f\u00fcr das leibliche Wohl war gesorgt. Unser Messeangebot, das eigens f\u00fcr diese Messe erstellt wurde, kam sehr gut bei K\u00e4uferinnen und K\u00e4ufern an.<\/p>\n<p style=\"text-align: center;\">Die nicht am Stand t\u00e4tigen Mitarbeiter unserer \u00dcbungsfirma f\u00fchrten zahlreiche Einkaufsgespr\u00e4che. So hatten auch diese die M\u00f6glichkeit, Verkaufsgespr\u00e4che und Verhandlungen zu f\u00fchren.<\/p>\n<p style=\"text-align: center;\">Wir erzielten hohe Ums\u00e4tze und hatten auch in der n\u00e4chsten \u00dcbungsfirmeneinheit noch viele Bestellungen zu bearbeiten. Somit war die \u00dcbungsfirmenmesse in Weinzierl ein voller Erfolg.<\/p>\n","protected":false},"excerpt":{"rendered":"<p>Die \u00dcbungsfirmen des Francisco Josephinums luden unsere \u00dcbungsfirma SWOP GmbH zu ihrer \u00dcbungsfirmenmesse am 14. M\u00e4rz ein.<\/p>\n","protected":false},"author":1,"featured_media":645,"parent":0,"menu_order":0,"comment_status":"closed","ping_status":"closed","template":"","meta":[],"_links":{"self":[{"href":"https:\/\/swop.uefa.sz-ybbs.ac.at\/index.php\/wp-json\/wp\/v2\/pages\/634"}],"collection":[{"href":"https:\/\/swop.uefa.sz-ybbs.ac.at\/index.php\/wp-json\/wp\/v2\/pages"}],"about":[{"href":"https:\/\/swop.uefa.sz-ybbs.ac.at\/index.php\/wp-json\/wp\/v2\/types\/page"}],"author":[{"embeddable":true,"href":"https:\/\/swop.uefa.sz-ybbs.ac.at\/index.php\/wp-json\/wp\/v2\/users\/1"}],"replies":[{"embeddable":true,"href":"https:\/\/swop.uefa.sz-ybbs.ac.at\/index.php\/wp-json\/wp\/v2\/comments?post=634"}],"version-history":[{"count":5,"href":"https:\/\/swop.uefa.sz-ybbs.ac.at\/index.php\/wp-json\/wp\/v2\/pages\/634\/revisions"}],"predecessor-version":[{"id":644,"href":"https:\/\/swop.uefa.sz-ybbs.ac.at\/index.php\/wp-json\/wp\/v2\/pages\/634\/revisions\/644"}],"wp:featuredmedia":[{"embeddable":true,"href":"https:\/\/swop.uefa.sz-ybbs.ac.at\/index.php\/wp-json\/wp\/v2\/media\/645"}],"wp:attachment":[{"href":"https:\/\/swop.uefa.sz-ybbs.ac.at\/index.php\/wp-json\/wp\/v2\/media?parent=634"}],"curies":[{"name":"wp","href":"https:\/\/api.w.org\/{rel}","templated":true}]}}