{"id":620,"date":"2019-03-12T14:09:06","date_gmt":"2019-03-12T13:09:06","guid":{"rendered":"http:\/\/projects.sz-ybbs.ac.at\/~swop\/?page_id=620"},"modified":"2019-03-12T15:05:38","modified_gmt":"2019-03-12T14:05:38","slug":"featured-page","status":"publish","type":"page","link":"https:\/\/swop.uefa.sz-ybbs.ac.at\/index.php\/featured-page\/","title":{"rendered":"Was gibts Neues&#8230;"},"content":{"rendered":"<h1 style=\"text-align: center;\"><span style=\"color: #38a932;\">Verpackung gef\u00e4llig? \u2013 Medewo!<\/span><\/h1>\n<h2 style=\"text-align: center;\"><span style=\"color: #95c11a;\">\u00dcFA Swop besucht ihr Partnerunternehmen in Wallern<\/span><\/h2>\n<p style=\"text-align: center;\">Am 19.02.2019 besuchten die Mitarbeiter der \u00dcbungsfirma Swop GmbH ihr Partnerunternehmen Medewo GmbH. Begleitet wurden die Sch\u00fcler von Frau Prof. Prichenfried. Um 7:20 brachen die 15 Sch\u00fcler\/innen und ihre Lehrperson vom Ybbser Bahnhof Richtung Wallern auf, wo sich das Unternehmen befindet. Zu Beginn wurden sie von einer Mitarbeiterin herzlich begr\u00fc\u00dft, welche ihnen das Unternehmen und seine Produkte ausf\u00fchrlich in Form einer Pr\u00e4sentation n\u00e4her brachte und sich auch kniffligen Fragen stellte. Nach dem sehr informativen Empfang begaben sie sich auf eine kleine F\u00fchrung durch das Lager, wo ihnen gezeigt wurde, wie man Kartons schneidet und faltet. Von einer zur Verf\u00fcgung gestellten Jause gest\u00e4rkt konnten sie danach einen Einblick in die einzelnen Abteilungen gewinnen. Nach einem lehrreichen Tag trafen die Mitarbeiter\/innen der Swop GmbH um ca. 16 Uhr wieder in Ybbs ein.<\/p>\n<p><img loading=\"lazy\" class=\"wp-image-625 alignnone\" src=\"https:\/\/swop.uefa.sz-ybbs.ac.at\/wp-content\/uploads\/2019\/03\/IMG_5667-1024x575.jpg\" alt=\"\" width=\"665\" height=\"374\" srcset=\"https:\/\/swop.uefa.sz-ybbs.ac.at\/wp-content\/uploads\/2019\/03\/IMG_5667-1024x575.jpg 1024w, https:\/\/swop.uefa.sz-ybbs.ac.at\/wp-content\/uploads\/2019\/03\/IMG_5667-300x169.jpg 300w, https:\/\/swop.uefa.sz-ybbs.ac.at\/wp-content\/uploads\/2019\/03\/IMG_5667-768x432.jpg 768w, https:\/\/swop.uefa.sz-ybbs.ac.at\/wp-content\/uploads\/2019\/03\/IMG_5667-400x225.jpg 400w\" sizes=\"(max-width: 665px) 100vw, 665px\" \/> <img loading=\"lazy\" class=\"wp-image-626 alignnone\" src=\"https:\/\/swop.uefa.sz-ybbs.ac.at\/wp-content\/uploads\/2019\/03\/IMG_5673-1024x575.jpg\" alt=\"\" width=\"664\" height=\"373\" srcset=\"https:\/\/swop.uefa.sz-ybbs.ac.at\/wp-content\/uploads\/2019\/03\/IMG_5673-1024x575.jpg 1024w, https:\/\/swop.uefa.sz-ybbs.ac.at\/wp-content\/uploads\/2019\/03\/IMG_5673-300x169.jpg 300w, https:\/\/swop.uefa.sz-ybbs.ac.at\/wp-content\/uploads\/2019\/03\/IMG_5673-768x432.jpg 768w, https:\/\/swop.uefa.sz-ybbs.ac.at\/wp-content\/uploads\/2019\/03\/IMG_5673-400x225.jpg 400w\" sizes=\"(max-width: 664px) 100vw, 664px\" \/><\/p>\n","protected":false},"excerpt":{"rendered":"<p>Verpackung gef\u00e4llig? \u2013 Medewo!<br \/>\n\u00dcFA Swop besucht ihr Partnerunternehmen in Wallern<\/p>\n","protected":false},"author":1,"featured_media":623,"parent":0,"menu_order":0,"comment_status":"closed","ping_status":"closed","template":"","meta":[],"_links":{"self":[{"href":"https:\/\/swop.uefa.sz-ybbs.ac.at\/index.php\/wp-json\/wp\/v2\/pages\/620"}],"collection":[{"href":"https:\/\/swop.uefa.sz-ybbs.ac.at\/index.php\/wp-json\/wp\/v2\/pages"}],"about":[{"href":"https:\/\/swop.uefa.sz-ybbs.ac.at\/index.php\/wp-json\/wp\/v2\/types\/page"}],"author":[{"embeddable":true,"href":"https:\/\/swop.uefa.sz-ybbs.ac.at\/index.php\/wp-json\/wp\/v2\/users\/1"}],"replies":[{"embeddable":true,"href":"https:\/\/swop.uefa.sz-ybbs.ac.at\/index.php\/wp-json\/wp\/v2\/comments?post=620"}],"version-history":[{"count":6,"href":"https:\/\/swop.uefa.sz-ybbs.ac.at\/index.php\/wp-json\/wp\/v2\/pages\/620\/revisions"}],"predecessor-version":[{"id":631,"href":"https:\/\/swop.uefa.sz-ybbs.ac.at\/index.php\/wp-json\/wp\/v2\/pages\/620\/revisions\/631"}],"wp:featuredmedia":[{"embeddable":true,"href":"https:\/\/swop.uefa.sz-ybbs.ac.at\/index.php\/wp-json\/wp\/v2\/media\/623"}],"wp:attachment":[{"href":"https:\/\/swop.uefa.sz-ybbs.ac.at\/index.php\/wp-json\/wp\/v2\/media?parent=620"}],"curies":[{"name":"wp","href":"https:\/\/api.w.org\/{rel}","templated":true}]}}