{"id":567,"date":"2018-12-11T15:54:36","date_gmt":"2018-12-11T14:54:36","guid":{"rendered":"http:\/\/projects.sz-ybbs.ac.at\/~swop\/?page_id=567"},"modified":"2019-04-09T14:22:40","modified_gmt":"2019-04-09T12:22:40","slug":"impressum","status":"publish","type":"page","link":"https:\/\/swop.uefa.sz-ybbs.ac.at\/index.php\/impressum\/","title":{"rendered":"Impressum"},"content":{"rendered":"<table width=\"714\">\n<tbody>\n<tr>\n<td width=\"375\">Name:<\/td>\n<td width=\"339\">Swop GmbH<\/td>\n<\/tr>\n<tr>\n<td><\/td>\n<td>Gesellschaft mit beschr\u00e4nkter Haftung<\/td>\n<\/tr>\n<tr>\n<td>Unternehmensgegenstand:<\/td>\n<td>Fachhandel f\u00fcr B\u00fcroartikel und Verpackungsmaterial<\/td>\n<\/tr>\n<tr>\n<td>UID-Nummer:<\/td>\n<td>ATU30017718<\/td>\n<\/tr>\n<tr>\n<td>internationaler Firmencode:<\/td>\n<td>at010000177<\/td>\n<\/tr>\n<tr>\n<td>ACT-Firmenbuch-Nummer:<\/td>\n<td>177<\/td>\n<\/tr>\n<tr>\n<td>Gerichtsstand:<\/td>\n<td>\u00a0ACT-Gericht Wien<\/td>\n<\/tr>\n<tr>\n<td>Firmensitz:<\/td>\n<td>3370 Ybbs<\/td>\n<\/tr>\n<tr>\n<td>volle geografische Ansicht:<\/td>\n<td>Schulring 1 | Austria<\/td>\n<\/tr>\n<tr>\n<td>Kontaktdaten:<\/td>\n<td>Tel. 07412\/52575-31<\/td>\n<\/tr>\n<tr>\n<td><\/td>\n<td>E-Mail: swop@sz-ybbs.ac.at<\/td>\n<\/tr>\n<\/tbody>\n<\/table>\n<h2>Datenschutzerkl\u00e4rung<\/h2>\n<p>Wir freuen uns, dass Sie unsere Website besuchen und bedanken uns f\u00fcr Ihr Interesse an unserem Unternehmen und unseren Produkten. Der Schutz Ihrer Privatsph\u00e4re bei der Nutzung unserer Webseiten ist uns wichtig. Daher nehmen Sie bitte nachstehende Informationen zur Kenntnis:<\/p>\n<p><strong>1) Erhebung, Verarbeitung und Nutzung personenbezogener Daten<\/strong><br \/>\nSie k\u00f6nnen unsere Webseite grunds\u00e4tzlich besuchen, ohne dass wir personenbezogene Daten von Ihnen erheben. Personenbezogene Daten werden nur erhoben, wenn Sie uns diese von sich aus zur Durchf\u00fchrung eines Vertrages oder im Rahmen der Kontaktaufnahme mitteilen. Diese Daten werden ohne Ihre ausdr\u00fcckliche Einwilligung jeweils allein zur Vertragsabwicklung und Bearbeitung Ihrer Anfragen genutzt. Nach vollst\u00e4ndiger Abwicklung des Vertrages werden Ihre Daten mit R\u00fccksicht auf steuer- und handelsrechtliche Aufbewahrungsfristen gespeichert, nach Ablauf dieser Fristen jedoch gel\u00f6scht.<\/p>\n<p><strong>2) Weitergabe personenbezogener Daten<\/strong><br \/>\nDie von uns erhobenen personenbezogenen Daten werden im Rahmen der Vertragsabwicklung an das mit der Lieferung beauftragte Transportunternehmen weitergegeben, soweit dies zur Lieferung der Ware erforderlich ist.<\/p>\n<p><strong>3) Ihre Rechte und Kontaktaufnahme<\/strong><br \/>\nSie haben ein Recht auf unentgeltliche Auskunft \u00fcber Ihre gespeicherten Daten sowie ggf. ein Recht auf Berichtigung, Sperrung oder L\u00f6schung dieser Daten. Wenn Sie weitere Fragen zur Erhebung, Verarbeitung oder Nutzung Ihrer personenbezogenen Daten haben, kontaktieren Sie uns bitte. Gleiches gilt f\u00fcr Ausk\u00fcnfte, Sperrung, L\u00f6schungs- und Berichtigungsw\u00fcnsche hinsichtlich Ihrer personenbezogenen Daten sowie f\u00fcr Widerrufe erteilter Einwilligungen. Die Kontaktadresse finden Sie in unserem Impressum.<\/p>\n<p><strong>4) Rechte der betroffenen Person<br \/>\n<\/strong>Der betroffenen Person stehen grunds\u00e4tzlich die Rechte auf Auskunft, Berichtigung, L\u00f6schung, Einschr\u00e4nkung, Daten\u00fcbertragbarkeit und Widerspruch zu.<\/p>\n<p><strong>Auskunftsrecht: <\/strong>Eine betroffene Person kann eine Best\u00e4tigung dar\u00fcber verlangen, ob sie betreffende personenbezogene Daten verarbeitet werden. Ist dies der Fall, so hat die betroffene Person ein Recht auf Auskunft \u00fcber diese personenbezogenen Daten und die genannten Informationen (wie z.B. Verarbeitungszwecke, die Kategorien personenbezogener Daten).<\/p>\n<p><strong>Recht auf Berichtigung: <\/strong>Eine betroffene Person hat das Recht, die Berichtigung ihrer unrichtigen personenbezogenen Daten zu verlangen.<\/p>\n<p><strong>Recht auf L\u00f6schung: <\/strong>Eine betroffene Person hat das Recht auf L\u00f6schung ihrer personenbezogenen Daten, beispielsweise dann,<\/p>\n<ul>\n<li>wenn die Daten f\u00fcr die Zwecke, f\u00fcr die sie erhoben oder auf sonstige Weise verarbeitet wurden, nicht mehr notwendig sind oder<\/li>\n<li>unrechtm\u00e4\u00dfig verarbeitet werden oder<\/li>\n<li>im Fall einer Verarbeitung aufgrund einer Einwilligungserkl\u00e4rung, wenn die betroffene Person ihre Einwilligung widerruft.<\/li>\n<\/ul>\n<p><strong>Widerspruchsrecht:<\/strong> Eine betroffene Person hat Widerspruch gegen die Verarbeitung ihrer personenbezogenen Daten einzulegen, wenn die Verarbeitung personenbezogener Daten<\/p>\n<ul>\n<li>zur Wahrung der berechtigten Interessen von SWOP erfolgt. Die Datenverarbeitung durch SWOP unterbleibt, sofern ein \u00fcberwiegendes Schutzinteresse der betroffenen Person besteht.<\/li>\n<li>zum Zweck der Direktwerbung erfolgt. Dieser kann jederzeit ohne Angabe von Gr\u00fcnden widersprochen werden.<\/li>\n<li>mittels automatisierter Entscheidungsfindung (Profiling) erfolgt. Dann kann jederzeit ohne Angabe von Gr\u00fcnden widersprochen werden.<\/li>\n<\/ul>\n","protected":false},"excerpt":{"rendered":"<p>Name: Swop GmbH Gesellschaft mit beschr\u00e4nkter Haftung Unternehmensgegenstand: Fachhandel f\u00fcr B\u00fcroartikel und Verpackungsmaterial UID-Nummer: ATU30017718 internationaler Firmencode: at010000177 ACT-Firmenbuch-Nummer: 177 Gerichtsstand: \u00a0ACT-Gericht Wien Firmensitz: 3370 Ybbs volle geografische Ansicht: Schulring 1 | Austria Kontaktdaten: Tel. 07412\/52575-31 E-Mail: swop@sz-ybbs.ac.at Datenschutzerkl\u00e4rung Wir<\/p>\n","protected":false},"author":1,"featured_media":0,"parent":0,"menu_order":0,"comment_status":"closed","ping_status":"closed","template":"","meta":[],"_links":{"self":[{"href":"https:\/\/swop.uefa.sz-ybbs.ac.at\/index.php\/wp-json\/wp\/v2\/pages\/567"}],"collection":[{"href":"https:\/\/swop.uefa.sz-ybbs.ac.at\/index.php\/wp-json\/wp\/v2\/pages"}],"about":[{"href":"https:\/\/swop.uefa.sz-ybbs.ac.at\/index.php\/wp-json\/wp\/v2\/types\/page"}],"author":[{"embeddable":true,"href":"https:\/\/swop.uefa.sz-ybbs.ac.at\/index.php\/wp-json\/wp\/v2\/users\/1"}],"replies":[{"embeddable":true,"href":"https:\/\/swop.uefa.sz-ybbs.ac.at\/index.php\/wp-json\/wp\/v2\/comments?post=567"}],"version-history":[{"count":4,"href":"https:\/\/swop.uefa.sz-ybbs.ac.at\/index.php\/wp-json\/wp\/v2\/pages\/567\/revisions"}],"predecessor-version":[{"id":647,"href":"https:\/\/swop.uefa.sz-ybbs.ac.at\/index.php\/wp-json\/wp\/v2\/pages\/567\/revisions\/647"}],"wp:attachment":[{"href":"https:\/\/swop.uefa.sz-ybbs.ac.at\/index.php\/wp-json\/wp\/v2\/media?parent=567"}],"curies":[{"name":"wp","href":"https:\/\/api.w.org\/{rel}","templated":true}]}}