{"id":33,"date":"2018-11-21T09:57:06","date_gmt":"2018-11-21T08:57:06","guid":{"rendered":"http:\/\/projects.sz-ybbs.ac.at\/~swop\/?page_id=33"},"modified":"2022-01-12T13:49:29","modified_gmt":"2022-01-12T12:49:29","slug":"uber-uns","status":"publish","type":"page","link":"https:\/\/swop.uefa.sz-ybbs.ac.at\/index.php\/uber-uns\/","title":{"rendered":"\u00dcber uns"},"content":{"rendered":"<div id=\"pl-33\" class=\"panel-layout\">\n<div id=\"pg-33-0\" class=\"panel-grid panel-no-style\" data-style=\"{&quot;background_image_attachment&quot;:false,&quot;background_display&quot;:&quot;tile&quot;,&quot;cell_alignment&quot;:&quot;flex-start&quot;}\" data-ratio=\"1\" data-ratio-direction=\"right\">\n<div id=\"pgc-33-0-0\" class=\"panel-grid-cell\" data-weight=\"0.33333333333333\">\n<div id=\"panel-33-0-0-0\" class=\"so-panel widget widget_fpw_widget panel-first-child panel-last-child\" style=\"text-align: center;\" data-index=\"0\" data-style=\"{&quot;background_image_attachment&quot;:false,&quot;background_display&quot;:&quot;tile&quot;}\">\r\n<article class=\"fpw-clearfix fpw-layout-big\">\r\n\r\n\t<a href=\"https:\/\/swop.uefa.sz-ybbs.ac.at\/index.php\/uber-uns\/abteilungen\/\" class=\"fpw-featured-link\">\r\n\t\t<div class=\"fpw-featured-image\">\r\n\t\t\t<img width=\"256\" height=\"256\" src=\"https:\/\/swop.uefa.sz-ybbs.ac.at\/wp-content\/uploads\/2018\/12\/hierachie.png\" class=\"attachment-fpw_big size-fpw_big wp-post-image\" alt=\"\" loading=\"lazy\" srcset=\"https:\/\/swop.uefa.sz-ybbs.ac.at\/wp-content\/uploads\/2018\/12\/hierachie.png 256w, https:\/\/swop.uefa.sz-ybbs.ac.at\/wp-content\/uploads\/2018\/12\/hierachie-150x150.png 150w, https:\/\/swop.uefa.sz-ybbs.ac.at\/wp-content\/uploads\/2018\/12\/hierachie-230x230.png 230w, https:\/\/swop.uefa.sz-ybbs.ac.at\/wp-content\/uploads\/2018\/12\/hierachie-200x200.png 200w\" sizes=\"(max-width: 256px) 100vw, 256px\" \/>\t\t<\/div>\r\n\t\t<h3 class=\"fpw-page-title\">Abteilungen<\/h3>\r\n\t<\/a>\t\r\n\r\n\t<div class=\"fpw-excerpt\">\r\n\t\t<p>Hier k\u00f6nnen Sie mehr \u00fcber unsere Mitarbeiter erfahren!<\/p>\n\t<\/div>\r\n\r\n<\/article><\/div>\n<\/div>\n<div id=\"pgc-33-0-1\" class=\"panel-grid-cell\" style=\"text-align: center;\" data-weight=\"0.33333333333333\">\n<div id=\"panel-33-0-1-0\" class=\"so-panel widget widget_fpw_widget panel-first-child panel-last-child\" data-index=\"1\" data-style=\"{&quot;background_image_attachment&quot;:false,&quot;background_display&quot;:&quot;tile&quot;}\">\r\n<article class=\"fpw-clearfix fpw-layout-big\">\r\n\r\n\t<a href=\"https:\/\/swop.uefa.sz-ybbs.ac.at\/index.php\/uber-uns\/firmengeschichte\/\" class=\"fpw-featured-link\">\r\n\t\t<div class=\"fpw-featured-image\">\r\n\t\t\t<img width=\"256\" height=\"256\" src=\"https:\/\/swop.uefa.sz-ybbs.ac.at\/wp-content\/uploads\/2018\/12\/book.png\" class=\"attachment-fpw_big size-fpw_big wp-post-image\" alt=\"\" loading=\"lazy\" srcset=\"https:\/\/swop.uefa.sz-ybbs.ac.at\/wp-content\/uploads\/2018\/12\/book.png 256w, https:\/\/swop.uefa.sz-ybbs.ac.at\/wp-content\/uploads\/2018\/12\/book-150x150.png 150w, https:\/\/swop.uefa.sz-ybbs.ac.at\/wp-content\/uploads\/2018\/12\/book-230x230.png 230w, https:\/\/swop.uefa.sz-ybbs.ac.at\/wp-content\/uploads\/2018\/12\/book-200x200.png 200w\" sizes=\"(max-width: 256px) 100vw, 256px\" \/>\t\t<\/div>\r\n\t\t<h3 class=\"fpw-page-title\">Firmengeschichte<\/h3>\r\n\t<\/a>\t\r\n\r\n\t<div class=\"fpw-excerpt\">\r\n\t\t<p>Hier k\u00f6nnen Sie mehr \u00fcber unsere Firmengeschichte erfahren!<\/p>\n\t<\/div>\r\n\r\n<\/article><\/div>\n<\/div>\n<div id=\"pgc-33-0-2\" class=\"panel-grid-cell\" data-weight=\"0.33333333333333\">\n<div id=\"panel-33-0-2-0\" class=\"so-panel widget widget_fpw_widget panel-first-child panel-last-child\" style=\"text-align: center;\" data-index=\"2\" data-style=\"{&quot;background_image_attachment&quot;:false,&quot;background_display&quot;:&quot;tile&quot;}\">\r\n<article class=\"fpw-clearfix fpw-layout-big\">\r\n\r\n\t<a href=\"https:\/\/swop.uefa.sz-ybbs.ac.at\/index.php\/uber-uns\/leitbild\/\" class=\"fpw-featured-link\">\r\n\t\t<div class=\"fpw-featured-image\">\r\n\t\t\t<img width=\"256\" height=\"256\" src=\"https:\/\/swop.uefa.sz-ybbs.ac.at\/wp-content\/uploads\/2018\/12\/in-and-out-of-the-red-baloon.png\" class=\"attachment-fpw_big size-fpw_big wp-post-image\" alt=\"\" loading=\"lazy\" srcset=\"https:\/\/swop.uefa.sz-ybbs.ac.at\/wp-content\/uploads\/2018\/12\/in-and-out-of-the-red-baloon.png 256w, https:\/\/swop.uefa.sz-ybbs.ac.at\/wp-content\/uploads\/2018\/12\/in-and-out-of-the-red-baloon-150x150.png 150w, https:\/\/swop.uefa.sz-ybbs.ac.at\/wp-content\/uploads\/2018\/12\/in-and-out-of-the-red-baloon-230x230.png 230w, https:\/\/swop.uefa.sz-ybbs.ac.at\/wp-content\/uploads\/2018\/12\/in-and-out-of-the-red-baloon-200x200.png 200w\" sizes=\"(max-width: 256px) 100vw, 256px\" \/>\t\t<\/div>\r\n\t\t<h3 class=\"fpw-page-title\">Leitbild<\/h3>\r\n\t<\/a>\t\r\n\r\n\t<div class=\"fpw-excerpt\">\r\n\t\t<p>Hier k\u00f6nnen Sie sich \u00fcber Leitbild informieren!<\/p>\n\t<\/div>\r\n\r\n<\/article><\/div>\n<\/div>\n<\/div>\n<\/div>\n","protected":false},"excerpt":{"rendered":"<p>Hier k\u00f6nnen Sie n\u00e4here Informationen \u00fcber unser Unternehmen herausfinden!<\/p>\n","protected":false},"author":1,"featured_media":173,"parent":0,"menu_order":0,"comment_status":"closed","ping_status":"closed","template":"","meta":[],"_links":{"self":[{"href":"https:\/\/swop.uefa.sz-ybbs.ac.at\/index.php\/wp-json\/wp\/v2\/pages\/33"}],"collection":[{"href":"https:\/\/swop.uefa.sz-ybbs.ac.at\/index.php\/wp-json\/wp\/v2\/pages"}],"about":[{"href":"https:\/\/swop.uefa.sz-ybbs.ac.at\/index.php\/wp-json\/wp\/v2\/types\/page"}],"author":[{"embeddable":true,"href":"https:\/\/swop.uefa.sz-ybbs.ac.at\/index.php\/wp-json\/wp\/v2\/users\/1"}],"replies":[{"embeddable":true,"href":"https:\/\/swop.uefa.sz-ybbs.ac.at\/index.php\/wp-json\/wp\/v2\/comments?post=33"}],"version-history":[{"count":33,"href":"https:\/\/swop.uefa.sz-ybbs.ac.at\/index.php\/wp-json\/wp\/v2\/pages\/33\/revisions"}],"predecessor-version":[{"id":587,"href":"https:\/\/swop.uefa.sz-ybbs.ac.at\/index.php\/wp-json\/wp\/v2\/pages\/33\/revisions\/587"}],"wp:featuredmedia":[{"embeddable":true,"href":"https:\/\/swop.uefa.sz-ybbs.ac.at\/index.php\/wp-json\/wp\/v2\/media\/173"}],"wp:attachment":[{"href":"https:\/\/swop.uefa.sz-ybbs.ac.at\/index.php\/wp-json\/wp\/v2\/media?parent=33"}],"curies":[{"name":"wp","href":"https:\/\/api.w.org\/{rel}","templated":true}]}}